{"id":240,"date":"2024-01-24T08:48:51","date_gmt":"2024-01-24T08:48:51","guid":{"rendered":"https:\/\/padeep.be\/?page_id=240"},"modified":"2024-01-24T09:02:17","modified_gmt":"2024-01-24T09:02:17","slug":"faq","status":"publish","type":"page","link":"https:\/\/padeep.be\/?page_id=240","title":{"rendered":"F\u00e0Q"},"content":{"rendered":"\t\t<div data-elementor-type=\"wp-page\" data-elementor-id=\"240\" class=\"elementor elementor-240\" data-elementor-post-type=\"page\">\n\t\t\t\t\t\t<section class=\"elementor-section elementor-top-section elementor-element elementor-element-168f232 elementor-section-boxed elementor-section-height-default elementor-section-height-default\" data-id=\"168f232\" data-element_type=\"section\" data-e-type=\"section\">\n\t\t\t\t\t\t<div class=\"elementor-container elementor-column-gap-default\">\n\t\t\t\t\t<div class=\"elementor-column elementor-col-100 elementor-top-column elementor-element elementor-element-699aa3b\" data-id=\"699aa3b\" data-element_type=\"column\" data-e-type=\"column\">\n\t\t\t<div class=\"elementor-widget-wrap elementor-element-populated\">\n\t\t\t\t\t\t<div class=\"elementor-element elementor-element-6a69cd2 elementor-widget elementor-widget-spacer\" data-id=\"6a69cd2\" data-element_type=\"widget\" data-e-type=\"widget\" data-widget_type=\"spacer.default\">\n\t\t\t\t<div class=\"elementor-widget-container\">\n\t\t\t\t\t\t\t<div class=\"elementor-spacer\">\n\t\t\t<div class=\"elementor-spacer-inner\"><\/div>\n\t\t<\/div>\n\t\t\t\t\t\t<\/div>\n\t\t\t\t<\/div>\n\t\t\t\t\t<\/div>\n\t\t<\/div>\n\t\t\t\t\t<\/div>\n\t\t<\/section>\n\t\t\t\t<section class=\"elementor-section elementor-top-section elementor-element elementor-element-272396d elementor-section-boxed elementor-section-height-default elementor-section-height-default\" data-id=\"272396d\" data-element_type=\"section\" data-e-type=\"section\">\n\t\t\t\t\t\t<div class=\"elementor-container elementor-column-gap-default\">\n\t\t\t\t\t<div class=\"elementor-column elementor-col-100 elementor-top-column elementor-element elementor-element-4ea519d\" data-id=\"4ea519d\" data-element_type=\"column\" data-e-type=\"column\">\n\t\t\t<div class=\"elementor-widget-wrap elementor-element-populated\">\n\t\t\t\t\t\t<div class=\"elementor-element elementor-element-9e1d4c6 elementor-widget elementor-widget-text-editor\" data-id=\"9e1d4c6\" data-element_type=\"widget\" data-e-type=\"widget\" data-widget_type=\"text-editor.default\">\n\t\t\t\t<div class=\"elementor-widget-container\">\n\t\t\t\t\t\t\t\t\t<p><strong>Quel est le but principal de la plateforme de d\u00e9colonisation des esprits et de l&rsquo;espace public ?<\/strong><\/p><p style=\"font-weight: 400;\"><em>Notre objectif principal est de remettre en question les structures et les id\u00e9ologies coloniales pr\u00e9sentes dans l&rsquo;espace public et de favoriser un dialogue inclusif qui reconna\u00eet et rectifie les injustices historiques.<\/em><\/p><p><strong>Comment d\u00e9finissez-vous la d\u00e9colonisation des esprits ?<\/strong><\/p><p style=\"font-weight: 400;\"><em>La d\u00e9colonisation des esprits pour nous signifie remettre en question les sch\u00e9mas de pens\u00e9e coloniaux et promouvoir une compr\u00e9hension critique de l&rsquo;histoire, de la culture et du pouvoir.<\/em><\/p><p><strong>Quels sont les principaux probl\u00e8mes ou d\u00e9fis que vous cherchez \u00e0 adresser dans l&rsquo;espace public en relation avec la d\u00e9colonisation ?<\/strong><\/p><p style=\"font-weight: 400;\"><em>Nous nous concentrons sur la repr\u00e9sentation \u00e9quitable, la justice sociale, et la transformation des discours et des pratiques qui perp\u00e9tuent des hi\u00e9rarchies bas\u00e9es sur la race, le genre et d&rsquo;autres formes de marginalisation.<\/em><\/p><p><strong>Quelles actions concr\u00e8tes la plateforme entreprend-elle pour promouvoir la d\u00e9colonisation des esprits ?<\/strong><\/p><p style=\"font-weight: 400;\"><em>Nous organisons des ateliers \u00e9ducatifs, des conf\u00e9rences, des expositions, des formations, et collaborons avec des communaut\u00e9s pour cr\u00e9er des espaces de dialogue qui remettent en question les r\u00e9cits coloniaux dominants.<\/em><\/p><p><strong>Comment travaillez-vous avec les diff\u00e9rentes communaut\u00e9s pour assurer une approche inclusive et repr\u00e9sentative de la d\u00e9colonisation <\/strong><\/p><p style=\"font-weight: 400;\"><em>Nous collaborons activement avec diverses communaut\u00e9s, nous \u00e9coutons leurs perspectives et int\u00e9grons leurs exp\u00e9riences dans nos initiatives.<\/em><\/p><p><strong>Quels sont les principaux obstacles auxquels vous faites face dans la promotion de la d\u00e9colonisation des esprits, et comment les surmontez-vous ?<\/strong><\/p><p style=\"font-weight: 400;\"><em>Les principaux obstacles que nous rencontrons dans la promotion de la d\u00e9colonisation des esprits sont\u00a0:<\/em><\/p><ul><li style=\"font-weight: 400;\"><em>La r\u00e9sistance aux changements profonds dans les structures \u00e9tablies,<\/em><\/li><li style=\"font-weight: 400;\"><em>La persistance des st\u00e9r\u00e9otypes et des discours colonialistes, ainsi que la n\u00e9cessit\u00e9 de faire face \u00e0 des r\u00e9actions n\u00e9gatives provenant de certains secteurs de la soci\u00e9t\u00e9<\/em><\/li><\/ul><p><strong>Comment surmonter vous les d\u00e9fis li\u00e9es aux r\u00e9sistances face aux mentalit\u00e9s coloniales <\/strong><\/p><p style=\"font-weight: 400;\"><em>Pour surmonter ces d\u00e9fis, nous nous engageons \u00e0 \u00e9duquer et sensibiliser de mani\u00e8re constante, en mettant en \u0153uvre des programmes \u00e9ducatifs, des dialogues ouverts et des partenariats avec des organisations partageant les m\u00eames id\u00e9es<\/em><\/p><p><strong>Comment puis-je rester inform\u00e9 des \u00e9v\u00e9nements et des nouvelles de la Padeep <\/strong><\/p><p style=\"font-weight: 400;\">Vous pouvez poser vos questions \u00e0 <span style=\"color: #ffcc00;\"><a style=\"color: #ffcc00;\" href=\"mailto:pfdecolonisons@gmail.com\">pfdecolonisons@gmail.com<\/a><\/span>, via facebook.<\/p>\t\t\t\t\t\t\t\t<\/div>\n\t\t\t\t<\/div>\n\t\t\t\t\t<\/div>\n\t\t<\/div>\n\t\t\t\t\t<\/div>\n\t\t<\/section>\n\t\t\t\t<\/div>\n\t\t","protected":false},"excerpt":{"rendered":"<p>Quel est le but principal de la plateforme de d\u00e9colonisation des esprits et de l&rsquo;espace public ? Notre objectif principal est de remettre en question les structures et les id\u00e9ologies coloniales pr\u00e9sentes dans l&rsquo;espace public et de favoriser un dialogue inclusif qui reconna\u00eet et rectifie les injustices historiques. Comment d\u00e9finissez-vous la d\u00e9colonisation des esprits ? [&hellip;]<\/p>\n","protected":false},"author":1,"featured_media":0,"parent":0,"menu_order":0,"comment_status":"closed","ping_status":"closed","template":"","meta":{"footnotes":""},"class_list":["post-240","page","type-page","status-publish","hentry"],"_links":{"self":[{"href":"https:\/\/padeep.be\/index.php?rest_route=\/wp\/v2\/pages\/240","targetHints":{"allow":["GET"]}}],"collection":[{"href":"https:\/\/padeep.be\/index.php?rest_route=\/wp\/v2\/pages"}],"about":[{"href":"https:\/\/padeep.be\/index.php?rest_route=\/wp\/v2\/types\/page"}],"author":[{"embeddable":true,"href":"https:\/\/padeep.be\/index.php?rest_route=\/wp\/v2\/users\/1"}],"replies":[{"embeddable":true,"href":"https:\/\/padeep.be\/index.php?rest_route=%2Fwp%2Fv2%2Fcomments&post=240"}],"version-history":[{"count":10,"href":"https:\/\/padeep.be\/index.php?rest_route=\/wp\/v2\/pages\/240\/revisions"}],"predecessor-version":[{"id":253,"href":"https:\/\/padeep.be\/index.php?rest_route=\/wp\/v2\/pages\/240\/revisions\/253"}],"wp:attachment":[{"href":"https:\/\/padeep.be\/index.php?rest_route=%2Fwp%2Fv2%2Fmedia&parent=240"}],"curies":[{"name":"wp","href":"https:\/\/api.w.org\/{rel}","templated":true}]}}